{"id":9,"date":"2019-04-01T17:38:38","date_gmt":"2019-04-01T15:38:38","guid":{"rendered":"http:\/\/www.porzellanlexikon.de\/?page_id=9"},"modified":"2019-04-05T18:47:25","modified_gmt":"2019-04-05T16:47:25","slug":"wissens-und-sammlungslinks","status":"publish","type":"page","link":"https:\/\/www.porzellanlexikon.de\/index.php\/wissens-und-sammlungslinks\/","title":{"rendered":"Wissens- und Sammlungslinks"},"content":{"rendered":"\n<p>A<br> Porzellan.Manufaktur Allach-M\u00fcnchen GmbH (historisch), www.allach-porzellan.de Porzellanmanufaktur Arabia A\/B, Helsingfors\/Helsinki, www.arabianmuseo.fi<br> <\/p>\n\n\n\n<p>B<br> Porzellanmanufaktur Bing &amp; Gr\u00f8ndahl in der Sammlung Br\u00f6han Landesmuseum f\u00fcr Jugendstil, Art Deco und Funktionalismus (1889-1939), Berlin, www.broehan-museum.de<br> B\u00f6hmisches Porzellan im Kunstgewerbemuseum in Prag, www.upm.czB\u00f6hmisches Porzellan im Porzellanmuseum in Kl\u00f6sterle a. d. Eger, www.muklasterec.cz\/de_zamek.php<br> Buckauer Porzellan-Manufaktur (historisch), www.ebingen.de\/_rubric\/index.phb?rubric=geschichte<br><\/p>\n\n\n\n<p>C\/D<br> D\u00e4nisches Porzellan in der Sammlung Br\u00f6han, Berlin, www.broehan-museum.de<br> Derby Porzellan im Derby Museum and Art Gallery, Derby,<br> www.derby.gov.uk\/LeisureCulture\/MuseumsGalleries\/Derby_Museum_and_Art_Gallery.htm<br> Deutsches Porzellan 18. \/ 19. Jh. im Staatlichen Museum Schwerin, www.museum-<br> schwerin.de\/museum\/sammlung\/porzellan.htm<br> Deutsches und europ\u00e4isches Porzellan, M\u00fcnchen, www.bayerisches-nationalmuseum.de<\/p>\n\n\n\n<p class=\"has-background has-light-gray-background-color\">MEHR LINKS FOLGEN IN B\u00c4LDE<\/p>\n","protected":false},"excerpt":{"rendered":"<p>A Porzellan.Manufaktur Allach-M\u00fcnchen GmbH (historisch), www.allach-porzellan.de Porzellanmanufaktur Arabia A\/B, Helsingfors\/Helsinki, www.arabianmuseo.fi B Porzellanmanufaktur Bing &amp; Gr\u00f8ndahl in der Sammlung Br\u00f6han Landesmuseum f\u00fcr Jugendstil, Art Deco und Funktionalismus (1889-1939), Berlin, www.broehan-museum.de B\u00f6hmisches Porzellan im Kunstgewerbemuseum in Prag, www.upm.czB\u00f6hmisches Porzellan im Porzellanmuseum &hellip; <a href=\"https:\/\/www.porzellanlexikon.de\/index.php\/wissens-und-sammlungslinks\/\">Weiterlesen <span class=\"meta-nav\">&rarr;<\/span><\/a><\/p>\n","protected":false},"author":1,"featured_media":0,"parent":0,"menu_order":0,"comment_status":"closed","ping_status":"closed","template":"","meta":{"footnotes":""},"class_list":["post-9","page","type-page","status-publish","hentry"],"_links":{"self":[{"href":"https:\/\/www.porzellanlexikon.de\/index.php\/wp-json\/wp\/v2\/pages\/9","targetHints":{"allow":["GET"]}}],"collection":[{"href":"https:\/\/www.porzellanlexikon.de\/index.php\/wp-json\/wp\/v2\/pages"}],"about":[{"href":"https:\/\/www.porzellanlexikon.de\/index.php\/wp-json\/wp\/v2\/types\/page"}],"author":[{"embeddable":true,"href":"https:\/\/www.porzellanlexikon.de\/index.php\/wp-json\/wp\/v2\/users\/1"}],"replies":[{"embeddable":true,"href":"https:\/\/www.porzellanlexikon.de\/index.php\/wp-json\/wp\/v2\/comments?post=9"}],"version-history":[{"count":2,"href":"https:\/\/www.porzellanlexikon.de\/index.php\/wp-json\/wp\/v2\/pages\/9\/revisions"}],"predecessor-version":[{"id":711,"href":"https:\/\/www.porzellanlexikon.de\/index.php\/wp-json\/wp\/v2\/pages\/9\/revisions\/711"}],"wp:attachment":[{"href":"https:\/\/www.porzellanlexikon.de\/index.php\/wp-json\/wp\/v2\/media?parent=9"}],"curies":[{"name":"wp","href":"https:\/\/api.w.org\/{rel}","templated":true}]}}