{"id":145,"date":"2019-04-04T12:48:22","date_gmt":"2019-04-04T10:48:22","guid":{"rendered":"http:\/\/www.porzellanlexikon.de\/?page_id=145"},"modified":"2019-04-04T12:48:22","modified_gmt":"2019-04-04T10:48:22","slug":"anfragen","status":"publish","type":"page","link":"https:\/\/www.porzellanlexikon.de\/index.php\/anfragen\/","title":{"rendered":"Anfragen"},"content":{"rendered":"\n<p>Gerne beantworten wir Ihre Anfrage zu einzelnen Personen.<\/p>\n\n\n\n<p>Bitte beachten Sie dabei aber Folgendes:<\/p>\n\n\n\n<p>Bitte senden Sie uns bei Ihrer Anfrage zu einzelnen Personen oder ganzen Familien eine Email unter a.dostal(at)Porzellanlexikon.de. Gerne beantworten wir kostenfrei Anfragen von Privatpersonen, die Informationen \u00fcber Ihre Ahnen suchen. Bitte nennen Sie uns doch daf\u00fcr auch den verwandtschaftlichen Bezug, wie die Ihnen bislang bekannten Fakten. Wir freuen uns auch \u00fcber jede zus\u00e4tzliche Information. <\/p>\n\n\n\n<p>F\u00fcr Anfragen im Rahmen einer professionellen Ahnenforschung berechnen wir einen pauschalen Betrag von Euro 90 vor Stunde. Selbstverst\u00e4ndlich informieren wir Sie vor Beginn der Recherche \u00fcber den gesch\u00e4tzten Stundenaufwand.<\/p>\n","protected":false},"excerpt":{"rendered":"<p>Gerne beantworten wir Ihre Anfrage zu einzelnen Personen. Bitte beachten Sie dabei aber Folgendes: Bitte senden Sie uns bei Ihrer Anfrage zu einzelnen Personen oder ganzen Familien eine Email unter a.dostal(at)Porzellanlexikon.de. Gerne beantworten wir kostenfrei Anfragen von Privatpersonen, die Informationen &hellip; <a href=\"https:\/\/www.porzellanlexikon.de\/index.php\/anfragen\/\">Weiterlesen <span class=\"meta-nav\">&rarr;<\/span><\/a><\/p>\n","protected":false},"author":1,"featured_media":0,"parent":0,"menu_order":0,"comment_status":"closed","ping_status":"closed","template":"","meta":{"footnotes":""},"class_list":["post-145","page","type-page","status-publish","hentry"],"_links":{"self":[{"href":"https:\/\/www.porzellanlexikon.de\/index.php\/wp-json\/wp\/v2\/pages\/145","targetHints":{"allow":["GET"]}}],"collection":[{"href":"https:\/\/www.porzellanlexikon.de\/index.php\/wp-json\/wp\/v2\/pages"}],"about":[{"href":"https:\/\/www.porzellanlexikon.de\/index.php\/wp-json\/wp\/v2\/types\/page"}],"author":[{"embeddable":true,"href":"https:\/\/www.porzellanlexikon.de\/index.php\/wp-json\/wp\/v2\/users\/1"}],"replies":[{"embeddable":true,"href":"https:\/\/www.porzellanlexikon.de\/index.php\/wp-json\/wp\/v2\/comments?post=145"}],"version-history":[{"count":1,"href":"https:\/\/www.porzellanlexikon.de\/index.php\/wp-json\/wp\/v2\/pages\/145\/revisions"}],"predecessor-version":[{"id":146,"href":"https:\/\/www.porzellanlexikon.de\/index.php\/wp-json\/wp\/v2\/pages\/145\/revisions\/146"}],"wp:attachment":[{"href":"https:\/\/www.porzellanlexikon.de\/index.php\/wp-json\/wp\/v2\/media?parent=145"}],"curies":[{"name":"wp","href":"https:\/\/api.w.org\/{rel}","templated":true}]}}