{"id":141,"date":"2019-04-04T12:27:41","date_gmt":"2019-04-04T10:27:41","guid":{"rendered":"http:\/\/www.porzellanlexikon.de\/?page_id=141"},"modified":"2019-04-04T12:27:41","modified_gmt":"2019-04-04T10:27:41","slug":"herzlich-willkommen-auf-porzellanlexikon-de","status":"publish","type":"page","link":"https:\/\/www.porzellanlexikon.de\/","title":{"rendered":"Herzlich willkommen auf Porzellanlexikon.de"},"content":{"rendered":"\n<p>Auf der von Adrian W. T. Dostal und Gabriele Dostal betriebenen Website finden Ahnenforscher, Firmenforscher und Porzellanfreunde die im deutschsprachigen Raum umfangreichste Informationsquelle zu den Biographien von Porzellanern (Porzellanern).<\/p>\n\n\n\n<p>In einer Arbeit seit \u00fcber 30 Jahren sind bereits weit \u00fcber 200.000 Biographien bzw. Lebensdaten zusammengetragen worden. Online sind davon bereits \u00fcber 80.000 Biographien abfragbar. Registriert wurden bislang Zugriffe und gr\u00f6\u00dftenteils auch Anfragen und Mitteilungen aus \u00fcber 30 Staaten Europas, Nordamerikas, S\u00fcdafrikas und Australiens.<\/p>\n\n\n\n<p>Das seit 1979 in Arbeit befindliche biographische Lexikon hat \u00fcber die einzelnen Porzellank\u00fcnstler, -unternehmer, -arbeiter und den \u00fcbrigen in Porzellanmanufakturen und -fabriken sowie Porzellanmalereien und Ateliers T\u00e4tigen Daten und Informationen zusammengetragen. Je nach Verf\u00fcgbarkeit aus den unterschiedlichsten Quellen einschl. Archiven und einem erfolgreichen \u201eAufst\u00f6bern\u201c sind diese unterschiedlich umfangreich.<\/p>\n\n\n\n<p>Das Portal wird von vielen Zuschriften erreicht und immer wieder freuen sich Nachkommen von Porzellinern (Porzellanern), Porzellanliebhaber, Porzellan- und Antiqit\u00e4tenhandel, Museen und Auktionsh\u00e4user mehr \u00fcber die einzelnen Pers\u00f6nlichkeiten zu erfahren. Bislang sind im Who\u2019s who die Daten aus \u00fcber 10.000 Manufakturen, Porzellanfabriken, -malereien, -handlungen und Einzelateliers zusammengekommen.\u00a0<\/p>\n\n\n\n<p>Als Sponsoren erweisen sich immer wieder zahlreiche Ahnen- und Firmenforscher, die vieles zur Vervollst\u00e4ndigung zu einzelnen Biographien beitragen. Im Gegenzug erhalten sie von den Betreibern die verf\u00fcgbaren Lexikon-Informationen. In der Ruhmeshalle der Porzelliner (Porzellaner) werden die Pers\u00f6nlichkeiten aus \u00fcber 300 Jahren Porzellangeschichte gew\u00fcrdigt, im eigentlichen Sinne erst unsterblich und einer breiten Porzellan-interessierten Nachwelt erhalten.<\/p>\n","protected":false},"excerpt":{"rendered":"<p>Auf der von Adrian W. T. Dostal und Gabriele Dostal betriebenen Website finden Ahnenforscher, Firmenforscher und Porzellanfreunde die im deutschsprachigen Raum umfangreichste Informationsquelle zu den Biographien von Porzellanern (Porzellanern). In einer Arbeit seit \u00fcber 30 Jahren sind bereits weit \u00fcber &hellip; <a href=\"https:\/\/www.porzellanlexikon.de\/\">Weiterlesen <span class=\"meta-nav\">&rarr;<\/span><\/a><\/p>\n","protected":false},"author":1,"featured_media":0,"parent":0,"menu_order":0,"comment_status":"closed","ping_status":"closed","template":"","meta":{"footnotes":""},"class_list":["post-141","page","type-page","status-publish","hentry"],"_links":{"self":[{"href":"https:\/\/www.porzellanlexikon.de\/index.php\/wp-json\/wp\/v2\/pages\/141","targetHints":{"allow":["GET"]}}],"collection":[{"href":"https:\/\/www.porzellanlexikon.de\/index.php\/wp-json\/wp\/v2\/pages"}],"about":[{"href":"https:\/\/www.porzellanlexikon.de\/index.php\/wp-json\/wp\/v2\/types\/page"}],"author":[{"embeddable":true,"href":"https:\/\/www.porzellanlexikon.de\/index.php\/wp-json\/wp\/v2\/users\/1"}],"replies":[{"embeddable":true,"href":"https:\/\/www.porzellanlexikon.de\/index.php\/wp-json\/wp\/v2\/comments?post=141"}],"version-history":[{"count":1,"href":"https:\/\/www.porzellanlexikon.de\/index.php\/wp-json\/wp\/v2\/pages\/141\/revisions"}],"predecessor-version":[{"id":142,"href":"https:\/\/www.porzellanlexikon.de\/index.php\/wp-json\/wp\/v2\/pages\/141\/revisions\/142"}],"wp:attachment":[{"href":"https:\/\/www.porzellanlexikon.de\/index.php\/wp-json\/wp\/v2\/media?parent=141"}],"curies":[{"name":"wp","href":"https:\/\/api.w.org\/{rel}","templated":true}]}}